{"id":5889,"date":"2024-12-16T12:10:32","date_gmt":"2024-12-16T17:10:32","guid":{"rendered":"https:\/\/learn.the-irg.ca\/?page_id=5889"},"modified":"2024-12-20T12:16:17","modified_gmt":"2024-12-20T17:16:17","slug":"keynotes-and-speaking-engagements","status":"publish","type":"page","link":"https:\/\/the-irg.ca\/fr\/keynotes-and-speaking-engagements\/","title":{"rendered":"Discours et conf\u00e9rences"},"content":{"rendered":"<div class=\"wp-block-uagb-container uagb-block-f1211a61 alignfull uagb-is-root-container\"><div class=\"uagb-container-inner-blocks-wrap\">\n<div class=\"wp-block-uagb-container uagb-block-8320d841\">\n<p>Rose LeMay est une conf\u00e9renci\u00e8re accomplie, sp\u00e9cialis\u00e9e dans l'int\u00e9gration des autochtones et la lutte contre le racisme, la sant\u00e9 mentale des autochtones et la r\u00e9conciliation.  <\/p>\n\n\n\n<p>Elle s'est adress\u00e9e et a motiv\u00e9 des groupes tels que l'International Initiative for Mental Health Leadership, le minist\u00e8re des relations indig\u00e8nes et de la r\u00e9conciliation de la Colombie-Britannique et la BC School Trustees Association.  Elle a inaugur\u00e9 le premier \u00e9v\u00e9nement DEI du Canada en 2022, la c\u00e9r\u00e9monie de remise des prix Catalyst. <\/p>\n\n\n\n<p>Veuillez contacter <a href=\"https:\/\/www.nsb.com\/speakers\/rose-lemay\/\" target=\"_blank\" rel=\"noopener\">le Bureau national des conf\u00e9renciers<\/a> pour r\u00e9server Rose pour votre prochain \u00e9v\u00e9nement. Disponible en anglais uniquement. <\/p>\n<\/div>\n\n\n\n<figure class=\"wp-block-image size-large\"><img loading=\"lazy\" decoding=\"async\" width=\"768\" height=\"1024\" src=\"https:\/\/learn.the-irg.ca\/wp-content\/uploads\/2024\/12\/PXL_20241025_154828755.MP_-768x1024.jpg\" alt=\"\" class=\"wp-image-5890\" srcset=\"https:\/\/the-irg.ca\/wp-content\/uploads\/2024\/12\/PXL_20241025_154828755.MP_-768x1024.jpg 768w, https:\/\/the-irg.ca\/wp-content\/uploads\/2024\/12\/PXL_20241025_154828755.MP_-225x300.jpg 225w, https:\/\/the-irg.ca\/wp-content\/uploads\/2024\/12\/PXL_20241025_154828755.MP_-1152x1536.jpg 1152w, https:\/\/the-irg.ca\/wp-content\/uploads\/2024\/12\/PXL_20241025_154828755.MP_-1536x2048.jpg 1536w, https:\/\/the-irg.ca\/wp-content\/uploads\/2024\/12\/PXL_20241025_154828755.MP_-scaled.jpg 1920w\" sizes=\"auto, (max-width: 768px) 100vw, 768px\" \/><\/figure>\n<\/div><\/div>\n\n\n\n<p><\/p>\n\n\n\n<p><\/p>\n\n\n\n<h4 class=\"wp-block-heading\">Conf\u00e9rences r\u00e9centes<\/h4>\n\n\n\n<div class=\"wp-block-group is-layout-grid wp-container-core-group-is-layout-1a149459 wp-block-group-is-layout-grid\">\n<figure class=\"wp-block-image size-full\"><img loading=\"lazy\" decoding=\"async\" width=\"226\" height=\"216\" src=\"https:\/\/learn.the-irg.ca\/wp-content\/uploads\/2024\/12\/arpa.png\" alt=\"\" class=\"wp-image-5928\"\/><\/figure>\n\n\n\n<figure class=\"wp-block-image size-full\"><img loading=\"lazy\" decoding=\"async\" width=\"344\" height=\"144\" src=\"https:\/\/learn.the-irg.ca\/wp-content\/uploads\/2024\/12\/CCS.png\" alt=\"\" class=\"wp-image-5930\" srcset=\"https:\/\/the-irg.ca\/wp-content\/uploads\/2024\/12\/CCS.png 344w, https:\/\/the-irg.ca\/wp-content\/uploads\/2024\/12\/CCS-300x126.png 300w\" sizes=\"auto, (max-width: 344px) 100vw, 344px\" \/><\/figure>\n\n\n\n<figure class=\"wp-block-image size-full\"><img loading=\"lazy\" decoding=\"async\" width=\"488\" height=\"120\" src=\"https:\/\/learn.the-irg.ca\/wp-content\/uploads\/2024\/12\/BCSTA.png\" alt=\"\" class=\"wp-image-5932\" srcset=\"https:\/\/the-irg.ca\/wp-content\/uploads\/2024\/12\/BCSTA.png 488w, https:\/\/the-irg.ca\/wp-content\/uploads\/2024\/12\/BCSTA-300x74.png 300w\" sizes=\"auto, (max-width: 488px) 100vw, 488px\" \/><\/figure>\n\n\n\n<figure class=\"wp-block-image size-full\"><img loading=\"lazy\" decoding=\"async\" width=\"508\" height=\"176\" src=\"https:\/\/learn.the-irg.ca\/wp-content\/uploads\/2024\/12\/mpac.png\" alt=\"\" class=\"wp-image-5933\" srcset=\"https:\/\/the-irg.ca\/wp-content\/uploads\/2024\/12\/mpac.png 508w, https:\/\/the-irg.ca\/wp-content\/uploads\/2024\/12\/mpac-300x104.png 300w\" sizes=\"auto, (max-width: 508px) 100vw, 508px\" \/><\/figure>\n\n\n\n<figure class=\"wp-block-image size-full\"><img loading=\"lazy\" decoding=\"async\" width=\"384\" height=\"126\" src=\"https:\/\/learn.the-irg.ca\/wp-content\/uploads\/2024\/12\/dentons.png\" alt=\"\" class=\"wp-image-5934\" srcset=\"https:\/\/the-irg.ca\/wp-content\/uploads\/2024\/12\/dentons.png 384w, https:\/\/the-irg.ca\/wp-content\/uploads\/2024\/12\/dentons-300x98.png 300w\" sizes=\"auto, (max-width: 384px) 100vw, 384px\" \/><\/figure>\n<\/div>\n\n\n\n<p><\/p>\n\n\n\n<p><\/p>\n\n\n\n<p><\/p>","protected":false},"excerpt":{"rendered":"<p>Rose LeMay is an accomplished speaker with with expertise in Indigenous inclusion and anti-racism, Indigenous mental health, and reconciliation. She has addressed and motivated groups including the International Initiative for Mental Health Leadership, BC Ministry of Indigenous Relations and Reconciliation, and the BC School Trustees Association. She opened Canada&#8217;s premier DEI event in 2022, the [&hellip;]<\/p>\n","protected":false},"author":1,"featured_media":0,"parent":0,"menu_order":0,"comment_status":"closed","ping_status":"closed","template":"","meta":{"_uag_custom_page_level_css":"","site-sidebar-layout":"default","site-content-layout":"","ast-site-content-layout":"default","site-content-style":"default","site-sidebar-style":"default","ast-global-header-display":"","ast-banner-title-visibility":"","ast-main-header-display":"","ast-hfb-above-header-display":"","ast-hfb-below-header-display":"","ast-hfb-mobile-header-display":"","site-post-title":"","ast-breadcrumbs-content":"","ast-featured-img":"","footer-sml-layout":"","ast-disable-related-posts":"","theme-transparent-header-meta":"","adv-header-id-meta":"","stick-header-meta":"","header-above-stick-meta":"","header-main-stick-meta":"","header-below-stick-meta":"","astra-migrate-meta-layouts":"set","ast-page-background-enabled":"default","ast-page-background-meta":{"desktop":{"background-color":"var(--ast-global-color-4)","background-image":"","background-repeat":"repeat","background-position":"center center","background-size":"auto","background-attachment":"scroll","background-type":"","background-media":"","overlay-type":"","overlay-color":"","overlay-opacity":"","overlay-gradient":""},"tablet":{"background-color":"","background-image":"","background-repeat":"repeat","background-position":"center center","background-size":"auto","background-attachment":"scroll","background-type":"","background-media":"","overlay-type":"","overlay-color":"","overlay-opacity":"","overlay-gradient":""},"mobile":{"background-color":"","background-image":"","background-repeat":"repeat","background-position":"center center","background-size":"auto","background-attachment":"scroll","background-type":"","background-media":"","overlay-type":"","overlay-color":"","overlay-opacity":"","overlay-gradient":""}},"ast-content-background-meta":{"desktop":{"background-color":"var(--ast-global-color-5)","background-image":"","background-repeat":"repeat","background-position":"center center","background-size":"auto","background-attachment":"scroll","background-type":"","background-media":"","overlay-type":"","overlay-color":"","overlay-opacity":"","overlay-gradient":""},"tablet":{"background-color":"var(--ast-global-color-5)","background-image":"","background-repeat":"repeat","background-position":"center center","background-size":"auto","background-attachment":"scroll","background-type":"","background-media":"","overlay-type":"","overlay-color":"","overlay-opacity":"","overlay-gradient":""},"mobile":{"background-color":"var(--ast-global-color-5)","background-image":"","background-repeat":"repeat","background-position":"center center","background-size":"auto","background-attachment":"scroll","background-type":"","background-media":"","overlay-type":"","overlay-color":"","overlay-opacity":"","overlay-gradient":""}},"footnotes":""},"class_list":["post-5889","page","type-page","status-publish","hentry"],"uagb_featured_image_src":{"full":false,"thumbnail":false,"medium":false,"medium_large":false,"large":false,"1536x1536":false,"2048x2048":false,"trp-custom-language-flag":false},"uagb_author_info":{"display_name":"whcrand","author_link":"https:\/\/the-irg.ca\/fr\/author\/whcrand\/"},"uagb_comment_info":0,"uagb_excerpt":"Rose LeMay is an accomplished speaker with with expertise in Indigenous inclusion and anti-racism, Indigenous mental health, and reconciliation. She has addressed and motivated groups including the International Initiative for Mental Health Leadership, BC Ministry of Indigenous Relations and Reconciliation, and the BC School Trustees Association. She opened Canada&#8217;s premier DEI event in 2022, the&hellip;","_links":{"self":[{"href":"https:\/\/the-irg.ca\/fr\/wp-json\/wp\/v2\/pages\/5889","targetHints":{"allow":["GET"]}}],"collection":[{"href":"https:\/\/the-irg.ca\/fr\/wp-json\/wp\/v2\/pages"}],"about":[{"href":"https:\/\/the-irg.ca\/fr\/wp-json\/wp\/v2\/types\/page"}],"author":[{"embeddable":true,"href":"https:\/\/the-irg.ca\/fr\/wp-json\/wp\/v2\/users\/1"}],"replies":[{"embeddable":true,"href":"https:\/\/the-irg.ca\/fr\/wp-json\/wp\/v2\/comments?post=5889"}],"version-history":[{"count":4,"href":"https:\/\/the-irg.ca\/fr\/wp-json\/wp\/v2\/pages\/5889\/revisions"}],"predecessor-version":[{"id":5979,"href":"https:\/\/the-irg.ca\/fr\/wp-json\/wp\/v2\/pages\/5889\/revisions\/5979"}],"wp:attachment":[{"href":"https:\/\/the-irg.ca\/fr\/wp-json\/wp\/v2\/media?parent=5889"}],"curies":[{"name":"wp","href":"https:\/\/api.w.org\/{rel}","templated":true}]}}